{"id":96,"date":"2024-05-08T14:51:47","date_gmt":"2024-05-08T14:51:47","guid":{"rendered":"https:\/\/jntech.cl\/wp\/?page_id=96"},"modified":"2026-03-02T13:13:58","modified_gmt":"2026-03-02T17:13:58","slug":"contactanos","status":"publish","type":"page","link":"https:\/\/jntech.cl\/wp\/?page_id=96","title":{"rendered":"\ud83d\udcf1Cont\u00e1ctanos"},"content":{"rendered":"<h2><span style=\"color: #000080;\">Cont\u00e1ctanos<\/span><\/h2>\n<p data-start=\"77\" data-end=\"202\">Si necesitas coordinar una reuni\u00f3n para evaluaci\u00f3n de servicios, puedes llamar al:<\/p>\n<p data-start=\"77\" data-end=\"202\"><img loading=\"lazy\" decoding=\"async\" class=\"alignnone size-medium wp-image-949\" src=\"https:\/\/jntech.cl\/wp\/wp-content\/uploads\/2026\/02\/cropped-contacto-1-e1772471576306-300x57.png\" alt=\"\" width=\"300\" height=\"57\" srcset=\"https:\/\/jntech.cl\/wp\/wp-content\/uploads\/2026\/02\/cropped-contacto-1-e1772471576306-300x57.png 300w, https:\/\/jntech.cl\/wp\/wp-content\/uploads\/2026\/02\/cropped-contacto-1-e1772471576306-768x145.png 768w, https:\/\/jntech.cl\/wp\/wp-content\/uploads\/2026\/02\/cropped-contacto-1-e1772471576306.png 848w\" sizes=\"auto, (max-width: 300px) 100vw, 300px\" \/><\/p>\n\n<figure class=\"wp-block-image size-thumbnail\">O si lo prefieres, <strong data-start=\"331\" data-end=\"369\">completa el formulario de contacto<\/strong> y te responderemos a la brevedad.<\/figure>\n<p data-start=\"204\" data-end=\"403\">\u00a0<\/p>\n\n<!-- HTML Forms v1.6.3 - https:\/\/wordpress.org\/plugins\/html-forms\/ -->\n<form method=\"post\"  class=\"hf-form hf-form-195 \" data-id=\"195\" data-title=\"contacto\" data-slug=\"contacto\" data-message-success=\"Te contactaremos en breve. Si nos enviaste tu n\u00famero de WhatsApp o Telegram, esto ser\u00e1 m\u00e1s r\u00e1pido de lo que piensas.\" data-message-invalid-email=\"Disculpa, el correo que agregaste no es v\u00e1lido. \" data-message-required-field-missing=\"Por favor, llene los campos requeridos.\" data-message-error=\"Lamentablemente ha ocurrido un error. Recargue el sitio y vuelva a intentarlo.\" data-message-recaptcha-failed=\"reCAPTCHA verification failed. Please try again.\" data-message-recaptcha-low-score=\"Your submission appears to be spam. Please try again.\"><input type=\"hidden\" name=\"_hf_form_id\" value=\"195\" \/><div style=\"display: none;\"><input type=\"text\" name=\"_hf_h195\" value=\"\" \/><\/div><div class=\"hf-fields-wrap\"><p>\r\n\t<label>Nombre<\/label>\r\n    <br \/>\r\n\t<input type=\"text\" name=\"NAME\" placeholder=\"Ingresa tu nombre\" required \/>\r\n<\/p>\r\n<p>\r\n\t<label>Email<\/label>\r\n    <br \/>\r\n\t<input type=\"email\" name=\"EMAIL\" placeholder=\"Ingresa tu email\" required \/>\r\n<\/p>\r\n<p>\r\n\t<label>Asunto<\/label>\r\n    <br \/>\r\n\t<input type=\"text\" name=\"SUBJECT\" placeholder=\"Asunto\" required \/>\r\n<\/p>\r\n<p>\r\n\t<label for=\"contacto-WHATSAPP_O_TELEGRAM\">WhatsApp o Telegram<\/label>\r\n    <br \/>\r\n\t<input type=\"number\" name=\"WHATSAPP_O_TELEGRAM\" placeholder=\"Ingresa tu n\u00famero \" id=\"contacto-WHATSAPP_O_TELEGRAM\" \/>\r\n<\/p>\r\n<p>\r\n\t<label>Mensaje<\/label>\r\n    <br \/>\r\n\t<textarea name=\"MESSAGE\" placeholder=\"Escribe tu mensaje\" required><\/textarea>\r\n<\/p>\r\n<p>\r\n\t<input type=\"submit\" value=\"Enviar\" \/>\r\n<\/p><noscript>Please enable JavaScript for this form to work.<\/noscript><\/div><\/form><!-- \/ HTML Forms -->\n\n<div class=\"wp-block-image is-style-rounded\">\n<figure class=\"aligncenter size-thumbnail is-resized\"><img loading=\"lazy\" decoding=\"async\" width=\"150\" height=\"150\" src=\"https:\/\/jntech.cl\/wp\/wp-content\/uploads\/2025\/08\/EDOp-150x150.png\" alt=\"\" class=\"wp-image-841\" style=\"width:64px;height:auto\" srcset=\"https:\/\/jntech.cl\/wp\/wp-content\/uploads\/2025\/08\/EDOp-150x150.png 150w, https:\/\/jntech.cl\/wp\/wp-content\/uploads\/2025\/08\/EDOp-300x300.png 300w, https:\/\/jntech.cl\/wp\/wp-content\/uploads\/2025\/08\/EDOp.png 500w\" sizes=\"auto, (max-width: 150px) 100vw, 150px\" \/><\/figure>\n<\/div>","protected":false},"excerpt":{"rendered":"<p>Cont\u00e1ctanos Si necesitas coordinar una reuni\u00f3n para evaluaci\u00f3n de servicios, puedes llamar al: O si&hellip;<\/p>\n","protected":false},"author":2,"featured_media":0,"parent":0,"menu_order":0,"comment_status":"closed","ping_status":"closed","template":"","meta":{"footnotes":""},"class_list":["post-96","page","type-page","status-publish","hentry"],"_links":{"self":[{"href":"https:\/\/jntech.cl\/wp\/index.php?rest_route=\/wp\/v2\/pages\/96","targetHints":{"allow":["GET"]}}],"collection":[{"href":"https:\/\/jntech.cl\/wp\/index.php?rest_route=\/wp\/v2\/pages"}],"about":[{"href":"https:\/\/jntech.cl\/wp\/index.php?rest_route=\/wp\/v2\/types\/page"}],"author":[{"embeddable":true,"href":"https:\/\/jntech.cl\/wp\/index.php?rest_route=\/wp\/v2\/users\/2"}],"replies":[{"embeddable":true,"href":"https:\/\/jntech.cl\/wp\/index.php?rest_route=%2Fwp%2Fv2%2Fcomments&post=96"}],"version-history":[{"count":14,"href":"https:\/\/jntech.cl\/wp\/index.php?rest_route=\/wp\/v2\/pages\/96\/revisions"}],"predecessor-version":[{"id":957,"href":"https:\/\/jntech.cl\/wp\/index.php?rest_route=\/wp\/v2\/pages\/96\/revisions\/957"}],"wp:attachment":[{"href":"https:\/\/jntech.cl\/wp\/index.php?rest_route=%2Fwp%2Fv2%2Fmedia&parent=96"}],"curies":[{"name":"wp","href":"https:\/\/api.w.org\/{rel}","templated":true}]}}