{"id":66,"date":"2024-05-07T19:38:56","date_gmt":"2024-05-07T19:38:56","guid":{"rendered":"https:\/\/jntech.cl\/wp\/?page_id=66"},"modified":"2025-08-07T13:23:53","modified_gmt":"2025-08-07T17:23:53","slug":"servicios","status":"publish","type":"page","link":"https:\/\/jntech.cl\/wp\/?page_id=66","title":{"rendered":"\ud83e\udd1dServicios"},"content":{"rendered":"\n<h2 data-start=\"229\" data-end=\"254\"><span style=\"color: #000080;\">Servicios de J&amp;N Tech<\/span><\/h2>\n<p style=\"text-align: justify;\" data-start=\"256\" data-end=\"454\"><strong data-start=\"256\" data-end=\"268\">J&amp;N Tech<\/strong> ofrece una amplia gama de servicios dise\u00f1ados para apoyar, optimizar y proteger las operaciones de tu empresa o negocio mediante el uso estrat\u00e9gico de las tecnolog\u00edas de la informaci\u00f3n.<\/p>\n<p style=\"text-align: justify;\" data-start=\"456\" data-end=\"853\">Nuestros servicios cubren desde tareas b\u00e1sicas como la instalaci\u00f3n de una impresora, hasta soluciones avanzadas como la implementaci\u00f3n de redes seguras, sistemas de telefon\u00eda IP, datacenters, plataformas de respaldo en la nube, y m\u00e1s.&nbsp;<\/p>\n\n\n<h3><span style=\"color: #000080;\">\ud83d\udda5\ufe0f Soporte Integral<\/span><\/h3>\n<p style=\"text-align: justify;\" data-start=\"902\" data-end=\"1357\">Ideal para empresas y particulares que no cuentan con un departamento interno de Soporte. Ofrecemos soporte t\u00e9cnico externo con asistencia remota y presencial en caso de urgencias. Nuestro enfoque se basa en una atenci\u00f3n personalizada, directa e inmediata a trav\u00e9s de WhatsApp y correo electr\u00f3nico (sin tickets). Adem\u00e1s, realizamos mantenciones preventivas, respaldos y visitas programadas para conocer y resolver las necesidades inform\u00e1ticas de nuestros clientes.<\/p>\n\n\n<div class=\"wp-block-buttons is-layout-flex wp-block-buttons-is-layout-flex\">\n<div class=\"wp-block-button\"><a class=\"wp-block-button__link wp-element-button\" href=\"https:\/\/jntech.cl\/wp\/?page_id=304\">M\u00e1s informaci\u00f3n<\/a><\/div>\n<\/div>\n\n\n<h3 data-start=\"1389\" data-end=\"1415\">\u260e\ufe0f <span style=\"color: #000080;\">Telefon\u00eda IP (VoIP)<\/span><\/h3>\n<p style=\"text-align: justify;\" data-start=\"1417\" data-end=\"1742\">\u00bfBuscas implementar una plataforma de contacto telef\u00f3nico? Te ayudamos a instalar soluciones como contact centers, call centers o sistemas IVR (respuesta de voz interactiva), sin altos costos de licenciamiento, utilizando tecnolog\u00eda open source. Incluye informes de llamadas, perfiles de usuario, grabaci\u00f3n de llamadas y m\u00e1s.<\/p>\n\n\n<div class=\"wp-block-buttons is-layout-flex wp-block-buttons-is-layout-flex\">\n<div class=\"wp-block-button\"><a class=\"wp-block-button__link wp-element-button\" href=\"https:\/\/jntech.cl\/wp\/?cat=2\">M\u00e1s informaci\u00f3n<\/a><\/div>\n<\/div>\n\n\n<h3 data-start=\"1774\" data-end=\"1815\">\ud83c\udf10 <span style=\"color: #000080;\">P\u00e1ginas web y correos corporativos<\/span><\/h3>\n<p style=\"text-align: justify;\" data-start=\"1817\" data-end=\"2107\">Te acompa\u00f1amos desde la compra de tu dominio hasta la puesta en marcha de tu sitio web. Ofrecemos dise\u00f1o, creaci\u00f3n de logotipo, correos corporativos, integraci\u00f3n con Google Workspace e incluso la implementaci\u00f3n de intranets y servidores web dedicados, con todos los servicios que se relacionan a esto..<\/p>\n\n\n<div class=\"wp-block-buttons is-layout-flex wp-block-buttons-is-layout-flex\">\n<div class=\"wp-block-button\"><a class=\"wp-block-button__link wp-element-button\" href=\"https:\/\/jntech.cl\/wp\/?p=730\">M\u00e1s informaci\u00f3n<\/a><\/div>\n<\/div>\n\n\n<h3 data-start=\"2139\" data-end=\"2157\">\ud83c\udfe2 <span style=\"color: #000080;\">Datacenters<\/span><\/h3>\n<p style=\"text-align: justify;\" data-start=\"2159\" data-end=\"2362\">\u00bfEst\u00e1s pensando en tener tu propio datacenter? Te asesoramos en todo: Refrigeraci\u00f3n, racks, servidores, conectividad y seguridad. Todo lo necesario para garantizar la continuidad operativa de tu empresa.<\/p>\n\n\n<div class=\"wp-block-buttons is-layout-flex wp-block-buttons-is-layout-flex\">\n<div class=\"wp-block-button\"><a class=\"wp-block-button__link wp-element-button\" href=\"https:\/\/jntech.cl\/wp\/?page_id=322\">M\u00e1s informaci\u00f3n<\/a><\/div>\n<\/div>\n\n\n\n<h3 style=\"text-align: justify;\" data-start=\"2369\" data-end=\"2387\">\ud83c\udfe0 Teletrabajo<\/h3>\n<p style=\"text-align: justify;\" data-start=\"2389\" data-end=\"2563\">Implementamos soluciones de conectividad y seguridad para equipos remotos. Aseguramos el acceso protegido a la red de tu empresa y el resguardo de la informaci\u00f3n corporativa.<\/p>\n\n\n\n<div class=\"wp-block-buttons is-layout-flex wp-block-buttons-is-layout-flex\">\n<div class=\"wp-block-button\"><a class=\"wp-block-button__link wp-element-button\" href=\"https:\/\/jntech.cl\/wp\/?p=153\">M\u00e1s informaci\u00f3n<\/a><\/div>\n<\/div>\n\n\n<h3 data-start=\"2595\" data-end=\"2623\">\ud83d\udd0c <span style=\"color: #000080;\">Cableado estructurado<\/span><\/h3>\n<p style=\"text-align: justify;\" data-start=\"2625\" data-end=\"2822\">\u00bfEst\u00e1s habilitando una oficina o centro de llamadas? Te asesoramos en el dise\u00f1o e implementaci\u00f3n del cableado estructurado, elecci\u00f3n de dispositivos y tipo de red m\u00e1s adecuada para tus necesidades.<\/p>\n<h3 data-start=\"2829\" data-end=\"2858\">\ud83c\udfa5 <span style=\"color: #000080;\">Sistemas de vigilancia<\/span><\/h3>\n<p style=\"text-align: justify;\" data-start=\"2860\" data-end=\"3039\">Implementamos sistemas de monitoreo con acceso desde PC o smartphones. Ofrecemos grabaci\u00f3n, reproducci\u00f3n y visualizaci\u00f3n en vivo, adaptados a distintas resoluciones y necesidades.<\/p>\n<h3 data-start=\"3046\" data-end=\"3071\">\ud83d\udcbe <span style=\"color: #000080;\">Respaldos de datos<\/span><\/h3>\n<p style=\"text-align: justify;\" data-start=\"3073\" data-end=\"3312\">Uno de los servicios m\u00e1s cr\u00edticos. Protegemos la informaci\u00f3n de tu empresa y de tus usuarios, implementando soluciones seguras en la nube. En caso de p\u00e9rdida de equipos, la informaci\u00f3n puede restaurarse r\u00e1pidamente en un nuevo dispositivo.<\/p>\n\n\n<div class=\"wp-block-buttons is-layout-flex wp-block-buttons-is-layout-flex\">\n<div class=\"wp-block-button\"><a class=\"wp-block-button__link wp-element-button\" href=\"https:\/\/jntech.cl\/wp\/?p=156\">M\u00e1s informaci\u00f3n<\/a><\/div>\n<\/div>\n\n\n<div class=\"wp-block-image\">\n<figure class=\"aligncenter size-full is-resized\"><a href=\"https:\/\/jntech.cl\/wp\/?page_id=96\"><img loading=\"lazy\" decoding=\"async\" width=\"614\" height=\"176\" src=\"https:\/\/jntech.cl\/wp\/wp-content\/uploads\/2024\/07\/llamaya.png\" alt=\"\" class=\"wp-image-243\" style=\"width:294px;height:auto\" srcset=\"https:\/\/jntech.cl\/wp\/wp-content\/uploads\/2024\/07\/llamaya.png 614w, https:\/\/jntech.cl\/wp\/wp-content\/uploads\/2024\/07\/llamaya-300x86.png 300w\" sizes=\"auto, (max-width: 614px) 100vw, 614px\" \/><\/a><\/figure>\n<\/div>\n\n<div class=\"wp-block-image\">\n<figure class=\"aligncenter size-thumbnail\"><a href=\"https:\/\/jntech.cl\/wsp\"><img loading=\"lazy\" decoding=\"async\" width=\"150\" height=\"150\" src=\"https:\/\/jntech.cl\/wp\/wp-content\/uploads\/2025\/03\/wsp-150x150.png\" alt=\"\" class=\"wp-image-392\"\/><\/a><\/figure>\n<\/div>\n\n\n<p>Conozca nuestros planes y tarifas<\/p>\n\n\n\n<div class=\"wp-block-buttons is-layout-flex wp-block-buttons-is-layout-flex\">\n<div class=\"wp-block-button\"><a class=\"wp-block-button__link wp-element-button\" href=\"https:\/\/jntech.cl\/wp\/?p=786\">Planes y tarifas<\/a><\/div>\n<\/div>\n\n\n\n<figure class=\"wp-block-image size-thumbnail is-resized is-style-rounded\"><img loading=\"lazy\" decoding=\"async\" width=\"150\" height=\"150\" src=\"https:\/\/jntech.cl\/wp\/wp-content\/uploads\/2025\/08\/EDOp-150x150.png\" alt=\"\" class=\"wp-image-841\" style=\"width:64px;height:auto\" srcset=\"https:\/\/jntech.cl\/wp\/wp-content\/uploads\/2025\/08\/EDOp-150x150.png 150w, https:\/\/jntech.cl\/wp\/wp-content\/uploads\/2025\/08\/EDOp-300x300.png 300w, https:\/\/jntech.cl\/wp\/wp-content\/uploads\/2025\/08\/EDOp.png 500w\" sizes=\"auto, (max-width: 150px) 100vw, 150px\" \/><\/figure>\n","protected":false},"excerpt":{"rendered":"<p>Servicios de J&amp;N Tech J&amp;N Tech ofrece una amplia gama de servicios dise\u00f1ados para apoyar,&hellip;<\/p>\n","protected":false},"author":2,"featured_media":0,"parent":0,"menu_order":0,"comment_status":"closed","ping_status":"closed","template":"","meta":{"footnotes":""},"class_list":["post-66","page","type-page","status-publish","hentry"],"_links":{"self":[{"href":"https:\/\/jntech.cl\/wp\/index.php?rest_route=\/wp\/v2\/pages\/66","targetHints":{"allow":["GET"]}}],"collection":[{"href":"https:\/\/jntech.cl\/wp\/index.php?rest_route=\/wp\/v2\/pages"}],"about":[{"href":"https:\/\/jntech.cl\/wp\/index.php?rest_route=\/wp\/v2\/types\/page"}],"author":[{"embeddable":true,"href":"https:\/\/jntech.cl\/wp\/index.php?rest_route=\/wp\/v2\/users\/2"}],"replies":[{"embeddable":true,"href":"https:\/\/jntech.cl\/wp\/index.php?rest_route=%2Fwp%2Fv2%2Fcomments&post=66"}],"version-history":[{"count":35,"href":"https:\/\/jntech.cl\/wp\/index.php?rest_route=\/wp\/v2\/pages\/66\/revisions"}],"predecessor-version":[{"id":852,"href":"https:\/\/jntech.cl\/wp\/index.php?rest_route=\/wp\/v2\/pages\/66\/revisions\/852"}],"wp:attachment":[{"href":"https:\/\/jntech.cl\/wp\/index.php?rest_route=%2Fwp%2Fv2%2Fmedia&parent=66"}],"curies":[{"name":"wp","href":"https:\/\/api.w.org\/{rel}","templated":true}]}}