{"id":337,"date":"2024-07-20T11:32:57","date_gmt":"2024-07-20T15:32:57","guid":{"rendered":"https:\/\/jntech.cl\/wp\/?page_id=337"},"modified":"2025-08-07T13:23:09","modified_gmt":"2025-08-07T17:23:09","slug":"asesorias","status":"publish","type":"page","link":"https:\/\/jntech.cl\/wp\/?page_id=337","title":{"rendered":"\ud83e\udde0Asesor\u00edas"},"content":{"rendered":"<h2 data-start=\"210\" data-end=\"533\"><span style=\"color: #000080;\">\ud83e\udde0 Asesor\u00edas Inform\u00e1ticas<\/span><\/h2>\n<p style=\"text-align: justify;\" data-start=\"210\" data-end=\"533\">En <strong data-start=\"213\" data-end=\"225\">J&amp;N Tech<\/strong> ofrecemos asesor\u00edas inform\u00e1ticas especializadas tanto para <strong data-start=\"285\" data-end=\"297\">empresas<\/strong> como para <strong data-start=\"308\" data-end=\"324\">particulares<\/strong> que buscan orientaci\u00f3n experta en el uso estrat\u00e9gico de tecnolog\u00edas de la informaci\u00f3n. Nuestro objetivo es ayudarte a <strong data-start=\"443\" data-end=\"532\">optimizar procesos, tomar decisiones informadas y garantizar la continuidad operativa<\/strong>.<\/p>\n<hr data-start=\"535\" data-end=\"538\" \/>\n<h3 style=\"text-align: justify;\" data-start=\"540\" data-end=\"582\">\ud83c\udfe2 <span style=\"color: #000080;\">Asesor\u00eda Inform\u00e1tica para Empresas<\/span><\/h3>\n<p style=\"text-align: justify;\" data-start=\"584\" data-end=\"820\">Nuestra asesor\u00eda a empresas est\u00e1 orientada al <strong data-start=\"630\" data-end=\"685\">an\u00e1lisis y diagn\u00f3stico de sus sistemas tecnol\u00f3gicos<\/strong>, permiti\u00e9ndonos recomendar soluciones concretas para mejorar su rendimiento, seguridad y escalabilidad.\u00a0<\/p>\n<p style=\"text-align: justify;\" data-start=\"1874\" data-end=\"2026\">\n\n\n<div class=\"wp-block-buttons is-layout-flex wp-block-buttons-is-layout-flex\">\n<div class=\"wp-block-button\"><a class=\"wp-block-button__link wp-element-button\" href=\"https:\/\/jntech.cl\/wp\/?p=754\">M\u00e1s informaci\u00f3n<\/a><\/div>\n<\/div>\n\n\n\n<h3 style=\"text-align: justify;\" data-start=\"1339\" data-end=\"1388\">\ud83d\udc68\u200d\ud83d\udcbc <span style=\"color: #000080;\">Asesor\u00eda Inform\u00e1tica para Particulares<\/span><\/h3>\n<p style=\"text-align: justify;\" data-start=\"1390\" data-end=\"1604\">Este servicio est\u00e1 pensado para <strong data-start=\"1422\" data-end=\"1502\">gerentes, administradores, profesionales independientes u otros particulares<\/strong> que necesitan resolver dudas o planificar decisiones inform\u00e1ticas sin contratar un servicio continuo.<\/p>\n\n\n\n<div class=\"wp-block-buttons is-layout-flex wp-block-buttons-is-layout-flex\">\n<div class=\"wp-block-button\"><a class=\"wp-block-button__link wp-element-button\" href=\"https:\/\/jntech.cl\/wp\/?p=760\">M\u00e1s informaci\u00f3n<\/a><\/div>\n<\/div>\n\n\n<div class=\"wp-block-image\">\n<figure class=\"aligncenter size-full is-resized\"><a href=\"https:\/\/jntech.cl\/wp\/?page_id=96\"><img loading=\"lazy\" decoding=\"async\" width=\"614\" height=\"176\" src=\"https:\/\/jntech.cl\/wp\/wp-content\/uploads\/2024\/07\/llamaya.png\" alt=\"\" class=\"wp-image-243\" style=\"width:255px;height:auto\" srcset=\"https:\/\/jntech.cl\/wp\/wp-content\/uploads\/2024\/07\/llamaya.png 614w, https:\/\/jntech.cl\/wp\/wp-content\/uploads\/2024\/07\/llamaya-300x86.png 300w\" sizes=\"auto, (max-width: 614px) 100vw, 614px\" \/><\/a><\/figure>\n<\/div>\n\n<div class=\"wp-block-image\">\n<figure class=\"aligncenter size-thumbnail\"><a href=\"https:\/\/jntech.cl\/wsp\"><img loading=\"lazy\" decoding=\"async\" width=\"150\" height=\"150\" src=\"https:\/\/jntech.cl\/wp\/wp-content\/uploads\/2025\/03\/wsp-150x150.png\" alt=\"\" class=\"wp-image-392\"\/><\/a><\/figure>\n<\/div>\n\n<div class=\"wp-block-image\">\n<figure class=\"aligncenter size-large\"><img loading=\"lazy\" decoding=\"async\" width=\"1024\" height=\"731\" src=\"https:\/\/jntech.cl\/wp\/wp-content\/uploads\/2025\/07\/asesoriaas-1024x731.png\" alt=\"\" class=\"wp-image-669\" srcset=\"https:\/\/jntech.cl\/wp\/wp-content\/uploads\/2025\/07\/asesoriaas-1024x731.png 1024w, https:\/\/jntech.cl\/wp\/wp-content\/uploads\/2025\/07\/asesoriaas-300x214.png 300w, https:\/\/jntech.cl\/wp\/wp-content\/uploads\/2025\/07\/asesoriaas-768x549.png 768w, https:\/\/jntech.cl\/wp\/wp-content\/uploads\/2025\/07\/asesoriaas-1536x1097.png 1536w, https:\/\/jntech.cl\/wp\/wp-content\/uploads\/2025\/07\/asesoriaas-2048x1463.png 2048w\" sizes=\"auto, (max-width: 1024px) 100vw, 1024px\" \/><\/figure>\n<\/div>\n\n<div class=\"wp-block-image is-style-rounded\">\n<figure class=\"aligncenter size-thumbnail is-resized\"><img loading=\"lazy\" decoding=\"async\" width=\"150\" height=\"150\" src=\"https:\/\/jntech.cl\/wp\/wp-content\/uploads\/2025\/08\/EDOp-150x150.png\" alt=\"\" class=\"wp-image-841\" style=\"width:65px;height:auto\" srcset=\"https:\/\/jntech.cl\/wp\/wp-content\/uploads\/2025\/08\/EDOp-150x150.png 150w, https:\/\/jntech.cl\/wp\/wp-content\/uploads\/2025\/08\/EDOp-300x300.png 300w, https:\/\/jntech.cl\/wp\/wp-content\/uploads\/2025\/08\/EDOp.png 500w\" sizes=\"auto, (max-width: 150px) 100vw, 150px\" \/><\/figure>\n<\/div>","protected":false},"excerpt":{"rendered":"<p>\ud83e\udde0 Asesor\u00edas Inform\u00e1ticas En J&amp;N Tech ofrecemos asesor\u00edas inform\u00e1ticas especializadas tanto para empresas como para&hellip;<\/p>\n","protected":false},"author":2,"featured_media":0,"parent":0,"menu_order":0,"comment_status":"closed","ping_status":"closed","template":"","meta":{"footnotes":""},"class_list":["post-337","page","type-page","status-publish","hentry"],"_links":{"self":[{"href":"https:\/\/jntech.cl\/wp\/index.php?rest_route=\/wp\/v2\/pages\/337","targetHints":{"allow":["GET"]}}],"collection":[{"href":"https:\/\/jntech.cl\/wp\/index.php?rest_route=\/wp\/v2\/pages"}],"about":[{"href":"https:\/\/jntech.cl\/wp\/index.php?rest_route=\/wp\/v2\/types\/page"}],"author":[{"embeddable":true,"href":"https:\/\/jntech.cl\/wp\/index.php?rest_route=\/wp\/v2\/users\/2"}],"replies":[{"embeddable":true,"href":"https:\/\/jntech.cl\/wp\/index.php?rest_route=%2Fwp%2Fv2%2Fcomments&post=337"}],"version-history":[{"count":25,"href":"https:\/\/jntech.cl\/wp\/index.php?rest_route=\/wp\/v2\/pages\/337\/revisions"}],"predecessor-version":[{"id":851,"href":"https:\/\/jntech.cl\/wp\/index.php?rest_route=\/wp\/v2\/pages\/337\/revisions\/851"}],"wp:attachment":[{"href":"https:\/\/jntech.cl\/wp\/index.php?rest_route=%2Fwp%2Fv2%2Fmedia&parent=337"}],"curies":[{"name":"wp","href":"https:\/\/api.w.org\/{rel}","templated":true}]}}