{"id":332,"date":"2024-07-18T18:46:50","date_gmt":"2024-07-18T22:46:50","guid":{"rendered":"https:\/\/jntech.cl\/wp\/?page_id=332"},"modified":"2025-08-07T13:22:27","modified_gmt":"2025-08-07T17:22:27","slug":"voip","status":"publish","type":"page","link":"https:\/\/jntech.cl\/wp\/?page_id=332","title":{"rendered":"\ud83d\udcdeTelefon\u00eda IP"},"content":{"rendered":"<h3 data-start=\"95\" data-end=\"161\"><span style=\"color: #000080;\">\ud83d\udcdeSoluciones VoIP para tu Contact Center, Call Center u Oficinas<\/span><\/h3>\n<p style=\"text-align: justify;\" data-start=\"163\" data-end=\"452\">Si est\u00e1s pensando en implementar un <strong data-start=\"199\" data-end=\"217\">contact center<\/strong> o <strong data-start=\"220\" data-end=\"235\">call center<\/strong> sin incurrir en altos costos y, al mismo tiempo, obtener <strong data-start=\"293\" data-end=\"384\">informes detallados de llamadas, control de gestiones y monitoreo de minutos consumidos<\/strong>, la <strong data-start=\"389\" data-end=\"422\">telefon\u00eda VoIP (Voz sobre IP)<\/strong> es la soluci\u00f3n ideal para ti.<\/p>\n<p style=\"text-align: justify;\" data-start=\"454\" data-end=\"616\">Tambi\u00e9n es perfecta si deseas <strong data-start=\"484\" data-end=\"516\">habilitar m\u00faltiples oficinas<\/strong> o escritorios con tel\u00e9fonos individuales, ya que permite una infraestructura eficiente y econ\u00f3mica.<\/p>\n<p style=\"text-align: justify;\" data-start=\"618\" data-end=\"999\">\ud83d\udd39 <strong data-start=\"621\" data-end=\"638\">\u00bfSab\u00edas que\u2026?<\/strong><br data-start=\"638\" data-end=\"641\" \/>Con VoIP y los dispositivos adecuados, puedes usar un <strong data-start=\"695\" data-end=\"716\">solo punto de red<\/strong> para conectar tanto el computador como el tel\u00e9fono de escritorio, <strong data-start=\"783\" data-end=\"822\">sin necesidad de cableado adicional<\/strong>.<br data-start=\"823\" data-end=\"826\" \/>Y si no deseas utilizar tel\u00e9fonos f\u00edsicos, tambi\u00e9n puedes optar por <strong data-start=\"894\" data-end=\"908\">softphones<\/strong>, es decir, <strong data-start=\"920\" data-end=\"952\">aplicaciones de telefon\u00eda IP<\/strong> que se instalan directamente en el computador.<\/p>\n<hr data-start=\"1001\" data-end=\"1004\" \/>\n<p style=\"text-align: justify;\" data-start=\"1006\" data-end=\"1055\">En <strong data-start=\"1009\" data-end=\"1021\">J&amp;N Tech<\/strong> te asesoramos en todo el proceso:<\/p>\n<ul style=\"text-align: justify;\" data-start=\"1057\" data-end=\"1366\">\n<li data-start=\"1057\" data-end=\"1132\">\n<p data-start=\"1059\" data-end=\"1132\">Elecci\u00f3n del <strong data-start=\"1072\" data-end=\"1113\">PBX (central telef\u00f3nica) m\u00e1s adecuado<\/strong> para tu empresa.<\/p>\n<\/li>\n<li data-start=\"1133\" data-end=\"1210\">\n<p data-start=\"1135\" data-end=\"1210\">Implementaci\u00f3n de <strong data-start=\"1153\" data-end=\"1177\">sistemas open source<\/strong>, sin costos de licenciamiento.<\/p>\n<\/li>\n<li data-start=\"1211\" data-end=\"1294\">\n<p data-start=\"1213\" data-end=\"1294\">Selecci\u00f3n de <strong data-start=\"1226\" data-end=\"1249\">equipos compatibles<\/strong>, ya sea tel\u00e9fonos IP f\u00edsicos o softphones.<\/p>\n<\/li>\n<li data-start=\"1295\" data-end=\"1366\">\n<p data-start=\"1297\" data-end=\"1366\">Configuraci\u00f3n de extensiones, IVR, grabaci\u00f3n de llamadas y mucho m\u00e1s.<\/p>\n<\/li>\n<\/ul>\n<p style=\"text-align: justify;\" data-start=\"1368\" data-end=\"1461\">\ud83d\udcde <strong data-start=\"1371\" data-end=\"1396\">Cont\u00e1ctanos hoy mismo<\/strong> y comencemos a dise\u00f1ar una soluci\u00f3n de telefon\u00eda IP a tu medida.<\/p>\n\n<div class=\"wp-block-image\">\n<figure class=\"aligncenter size-full is-resized\"><a href=\"https:\/\/jntech.cl\/wp\/?page_id=96\"><img loading=\"lazy\" decoding=\"async\" width=\"614\" height=\"176\" src=\"https:\/\/jntech.cl\/wp\/wp-content\/uploads\/2024\/07\/llamaya.png\" alt=\"\" class=\"wp-image-243\" style=\"width:220px;height:auto\" srcset=\"https:\/\/jntech.cl\/wp\/wp-content\/uploads\/2024\/07\/llamaya.png 614w, https:\/\/jntech.cl\/wp\/wp-content\/uploads\/2024\/07\/llamaya-300x86.png 300w\" sizes=\"auto, (max-width: 614px) 100vw, 614px\" \/><\/a><\/figure>\n<\/div>\n\n<div class=\"wp-block-image\">\n<figure class=\"aligncenter size-thumbnail\"><a href=\"https:\/\/jntech.cl\/wsp\"><img loading=\"lazy\" decoding=\"async\" width=\"150\" height=\"150\" src=\"https:\/\/jntech.cl\/wp\/wp-content\/uploads\/2025\/03\/wsp-150x150.png\" alt=\"\" class=\"wp-image-392\"\/><\/a><\/figure>\n<\/div>\n\n\n<style>\n.slider-container {\n  position: relative;\n  width: 100%;\n  max-width: 100%;\n  overflow: hidden;\n  border-radius: 10px;\n}\n\n.slide {\n  display: none;\n  width: 100%;\n  height: auto;\n}\n\n.slide img {\n  width: 100%;\n  height: auto;\n  display: block;\n}\n\n.ver-button {\n  position: absolute;\n  bottom: 20px;\n  right: 30px;\n  background-color: rgba(0,0,0,0.7);\n  color: white;\n  padding: 10px 20px;\n  text-decoration: none;\n  font-weight: bold;\n  border-radius: 5px;\n  transition: background-color 0.3s ease;\n}\n\n.ver-button:hover {\n  background-color: #1e73ff;\n}\n\n.active {\n  display: block;\n}\n<\/style>\n\n<div class=\"slider-container\">\n  <div class=\"slide active\">\n    <img decoding=\"async\" src=\"https:\/\/jntech.cl\/wp\/wp-content\/uploads\/2024\/05\/vicidial_logo_2010-1024x257.jpg\" alt=\"Banner 1\">\n    <a href=\"https:\/\/jntech.cl\/wp\/?p=101\" class=\"ver-button\">VER<\/a>\n  <\/div>\n  <div class=\"slide\">\n    <img decoding=\"async\" src=\"https:\/\/jntech.cl\/wp\/wp-content\/uploads\/2024\/05\/asterisk-2.png\" alt=\"Banner 2\">\n    <a href=\"https:\/\/jntech.cl\/wp\/?p=116\" class=\"ver-button\">VER<\/a>\n  <\/div>\n  <div class=\"slide\">\n    <img decoding=\"async\" src=\"https:\/\/jntech.cl\/wp\/wp-content\/uploads\/2024\/05\/freepbx-1-e1715192130728.png\" alt=\"Banner 3\">\n    <a href=\"https:\/\/jntech.cl\/wp\/?p=119\" class=\"ver-button\">VER<\/a>\n  <\/div>\n<\/div>\n\n<script>\nlet slideIndex = 0;\nconst slides = document.querySelectorAll(\".slide\");\n\nfunction showSlides() {\n  slides.forEach((slide, idx) => {\n    slide.classList.remove(\"active\");\n  });\n  slideIndex = (slideIndex + 1) % slides.length;\n  slides[slideIndex].classList.add(\"active\");\n  setTimeout(showSlides, 5000); \/\/ cambia cada 5 segundos\n}\n\nsetTimeout(showSlides, 5000);\n<\/script>\n\n\n<div class=\"wp-block-image is-style-rounded\">\n<figure class=\"aligncenter size-thumbnail is-resized\"><img loading=\"lazy\" decoding=\"async\" width=\"150\" height=\"150\" src=\"https:\/\/jntech.cl\/wp\/wp-content\/uploads\/2025\/08\/EDOp-150x150.png\" alt=\"\" class=\"wp-image-841\" style=\"width:58px;height:auto\" srcset=\"https:\/\/jntech.cl\/wp\/wp-content\/uploads\/2025\/08\/EDOp-150x150.png 150w, https:\/\/jntech.cl\/wp\/wp-content\/uploads\/2025\/08\/EDOp-300x300.png 300w, https:\/\/jntech.cl\/wp\/wp-content\/uploads\/2025\/08\/EDOp.png 500w\" sizes=\"auto, (max-width: 150px) 100vw, 150px\" \/><\/figure>\n<\/div>","protected":false},"excerpt":{"rendered":"<p>\ud83d\udcdeSoluciones VoIP para tu Contact Center, Call Center u Oficinas Si est\u00e1s pensando en implementar&hellip;<\/p>\n","protected":false},"author":2,"featured_media":0,"parent":0,"menu_order":0,"comment_status":"closed","ping_status":"closed","template":"","meta":{"footnotes":""},"class_list":["post-332","page","type-page","status-publish","hentry"],"_links":{"self":[{"href":"https:\/\/jntech.cl\/wp\/index.php?rest_route=\/wp\/v2\/pages\/332","targetHints":{"allow":["GET"]}}],"collection":[{"href":"https:\/\/jntech.cl\/wp\/index.php?rest_route=\/wp\/v2\/pages"}],"about":[{"href":"https:\/\/jntech.cl\/wp\/index.php?rest_route=\/wp\/v2\/types\/page"}],"author":[{"embeddable":true,"href":"https:\/\/jntech.cl\/wp\/index.php?rest_route=\/wp\/v2\/users\/2"}],"replies":[{"embeddable":true,"href":"https:\/\/jntech.cl\/wp\/index.php?rest_route=%2Fwp%2Fv2%2Fcomments&post=332"}],"version-history":[{"count":22,"href":"https:\/\/jntech.cl\/wp\/index.php?rest_route=\/wp\/v2\/pages\/332\/revisions"}],"predecessor-version":[{"id":849,"href":"https:\/\/jntech.cl\/wp\/index.php?rest_route=\/wp\/v2\/pages\/332\/revisions\/849"}],"wp:attachment":[{"href":"https:\/\/jntech.cl\/wp\/index.php?rest_route=%2Fwp%2Fv2%2Fmedia&parent=332"}],"curies":[{"name":"wp","href":"https:\/\/api.w.org\/{rel}","templated":true}]}}