{"id":326,"date":"2024-07-18T18:25:45","date_gmt":"2024-07-18T22:25:45","guid":{"rendered":"https:\/\/jntech.cl\/wp\/?page_id=326"},"modified":"2025-08-07T13:20:42","modified_gmt":"2025-08-07T17:20:42","slug":"programacion","status":"publish","type":"page","link":"https:\/\/jntech.cl\/wp\/?page_id=326","title":{"rendered":"\ud83d\udc68\u200d\ud83d\udcbbProgramaci\u00f3n"},"content":{"rendered":"<h2 data-start=\"104\" data-end=\"165\"><span style=\"color: #000080;\">Desarrollo de Aplicaciones Personalizadas para tu Empresa<\/span><\/h2>\n<p style=\"text-align: justify;\" data-start=\"167\" data-end=\"313\">En <strong data-start=\"170\" data-end=\"182\">J&amp;N Tech<\/strong> te asesoramos y desarrollamos <strong data-start=\"213\" data-end=\"248\">aplicaciones web personalizadas<\/strong> adaptadas a las necesidades espec\u00edficas de tu empresa o negocio.<\/p>\n<p style=\"text-align: justify;\" data-start=\"315\" data-end=\"586\">Sabemos que muchas organizaciones trabajan actualmente con m\u00faltiples <strong data-start=\"384\" data-end=\"413\">tablas din\u00e1micas en Excel<\/strong>, que constantemente presentan <strong data-start=\"444\" data-end=\"467\">errores de v\u00ednculos<\/strong>, <strong data-start=\"469\" data-end=\"491\">datos desordenados<\/strong> o <strong data-start=\"494\" data-end=\"524\">falta de control de acceso<\/strong>, exponiendo informaci\u00f3n cr\u00edtica a modificaciones no deseadas.<\/p>\n<p style=\"text-align: justify;\" data-start=\"588\" data-end=\"791\">Si necesitas una soluci\u00f3n m\u00e1s segura y eficiente, podemos ayudarte a <strong data-start=\"657\" data-end=\"708\">centralizar tu informaci\u00f3n en una base de datos<\/strong>, accesible a trav\u00e9s de una <strong data-start=\"736\" data-end=\"768\">plataforma web personalizada<\/strong>, desde la cual puedas:<\/p>\n<ul style=\"text-align: justify;\" data-start=\"793\" data-end=\"1027\">\n<li data-start=\"793\" data-end=\"843\">\n<p data-start=\"795\" data-end=\"843\">Visualizar y administrar tus datos f\u00e1cilmente.<\/p>\n<\/li>\n<li data-start=\"844\" data-end=\"901\">\n<p data-start=\"846\" data-end=\"901\">Generar informes en tiempo real, cuando lo necesites.<\/p>\n<\/li>\n<li data-start=\"902\" data-end=\"967\">\n<p data-start=\"904\" data-end=\"967\">Acceder desde cualquier navegador dentro de tu red o v\u00eda VPN.<\/p>\n<\/li>\n<li data-start=\"968\" data-end=\"1027\">\n<p data-start=\"970\" data-end=\"1027\">Controlar los permisos de acceso seg\u00fan perfil de usuario.<\/p>\n<\/li>\n<\/ul>\n<p style=\"text-align: justify;\" data-start=\"1029\" data-end=\"1283\">Sabemos tambi\u00e9n que <strong data-start=\"1049\" data-end=\"1122\">no est\u00e1s buscando una plataforma costosa ni compromisos a largo plazo<\/strong>. Lo que necesitas es algo <strong data-start=\"1149\" data-end=\"1201\">sencillo, funcional, seguro y con c\u00f3digo abierto<\/strong>, que puedas mantener internamente en tu propio servidor, dentro de tu datacenter.<\/p>\n<p style=\"text-align: justify;\" data-start=\"1285\" data-end=\"1388\">Y eso es justamente lo que ofrecemos: <strong data-start=\"1323\" data-end=\"1387\">una soluci\u00f3n a tu medida, sin amarras, escalable y 100% tuya<\/strong>.<\/p>\n<p style=\"text-align: justify;\" data-start=\"1390\" data-end=\"1516\">\ud83d\udcde <strong data-start=\"1393\" data-end=\"1408\">Cont\u00e1ctanos<\/strong> para agendar una reuni\u00f3n y evaluar juntos c\u00f3mo optimizar tus procesos con una aplicaci\u00f3n hecha a tu medida.<\/p>\n\n<div class=\"wp-block-image\">\n<figure class=\"aligncenter size-full is-resized\"><a href=\"https:\/\/jntech.cl\/wp\/?page_id=96\"><img loading=\"lazy\" decoding=\"async\" width=\"614\" height=\"176\" src=\"https:\/\/jntech.cl\/wp\/wp-content\/uploads\/2024\/07\/llamaya.png\" alt=\"\" class=\"wp-image-243\" style=\"width:283px;height:auto\" srcset=\"https:\/\/jntech.cl\/wp\/wp-content\/uploads\/2024\/07\/llamaya.png 614w, https:\/\/jntech.cl\/wp\/wp-content\/uploads\/2024\/07\/llamaya-300x86.png 300w\" sizes=\"auto, (max-width: 614px) 100vw, 614px\" \/><\/a><\/figure>\n<\/div>\n\n<div class=\"wp-block-image\">\n<figure class=\"aligncenter size-thumbnail\"><a href=\"https:\/\/jntech.cl\/wsp\"><img loading=\"lazy\" decoding=\"async\" width=\"150\" height=\"150\" src=\"https:\/\/jntech.cl\/wp\/wp-content\/uploads\/2025\/03\/wsp-150x150.png\" alt=\"\" class=\"wp-image-392\"\/><\/a><\/figure>\n<\/div>\n\n<div class=\"wp-block-image\">\n<figure class=\"aligncenter size-full\"><img loading=\"lazy\" decoding=\"async\" width=\"1024\" height=\"1024\" src=\"https:\/\/jntech.cl\/wp\/wp-content\/uploads\/2024\/07\/lenguajes.png\" alt=\"\" class=\"wp-image-327\" srcset=\"https:\/\/jntech.cl\/wp\/wp-content\/uploads\/2024\/07\/lenguajes.png 1024w, https:\/\/jntech.cl\/wp\/wp-content\/uploads\/2024\/07\/lenguajes-300x300.png 300w, https:\/\/jntech.cl\/wp\/wp-content\/uploads\/2024\/07\/lenguajes-150x150.png 150w, https:\/\/jntech.cl\/wp\/wp-content\/uploads\/2024\/07\/lenguajes-768x768.png 768w\" sizes=\"auto, (max-width: 1024px) 100vw, 1024px\" \/><\/figure>\n<\/div>\n\n<div class=\"wp-block-image is-style-rounded\">\n<figure class=\"aligncenter size-thumbnail is-resized\"><img loading=\"lazy\" decoding=\"async\" width=\"150\" height=\"150\" src=\"https:\/\/jntech.cl\/wp\/wp-content\/uploads\/2025\/08\/EDOp-150x150.png\" alt=\"\" class=\"wp-image-841\" style=\"width:60px;height:auto\" srcset=\"https:\/\/jntech.cl\/wp\/wp-content\/uploads\/2025\/08\/EDOp-150x150.png 150w, https:\/\/jntech.cl\/wp\/wp-content\/uploads\/2025\/08\/EDOp-300x300.png 300w, https:\/\/jntech.cl\/wp\/wp-content\/uploads\/2025\/08\/EDOp.png 500w\" sizes=\"auto, (max-width: 150px) 100vw, 150px\" \/><\/figure>\n<\/div>","protected":false},"excerpt":{"rendered":"<p>Desarrollo de Aplicaciones Personalizadas para tu Empresa En J&amp;N Tech te asesoramos y desarrollamos aplicaciones&hellip;<\/p>\n","protected":false},"author":2,"featured_media":0,"parent":0,"menu_order":0,"comment_status":"closed","ping_status":"closed","template":"","meta":{"footnotes":""},"class_list":["post-326","page","type-page","status-publish","hentry"],"_links":{"self":[{"href":"https:\/\/jntech.cl\/wp\/index.php?rest_route=\/wp\/v2\/pages\/326","targetHints":{"allow":["GET"]}}],"collection":[{"href":"https:\/\/jntech.cl\/wp\/index.php?rest_route=\/wp\/v2\/pages"}],"about":[{"href":"https:\/\/jntech.cl\/wp\/index.php?rest_route=\/wp\/v2\/types\/page"}],"author":[{"embeddable":true,"href":"https:\/\/jntech.cl\/wp\/index.php?rest_route=\/wp\/v2\/users\/2"}],"replies":[{"embeddable":true,"href":"https:\/\/jntech.cl\/wp\/index.php?rest_route=%2Fwp%2Fv2%2Fcomments&post=326"}],"version-history":[{"count":11,"href":"https:\/\/jntech.cl\/wp\/index.php?rest_route=\/wp\/v2\/pages\/326\/revisions"}],"predecessor-version":[{"id":847,"href":"https:\/\/jntech.cl\/wp\/index.php?rest_route=\/wp\/v2\/pages\/326\/revisions\/847"}],"wp:attachment":[{"href":"https:\/\/jntech.cl\/wp\/index.php?rest_route=%2Fwp%2Fv2%2Fmedia&parent=326"}],"curies":[{"name":"wp","href":"https:\/\/api.w.org\/{rel}","templated":true}]}}