{"id":304,"date":"2024-07-18T16:15:18","date_gmt":"2024-07-18T20:15:18","guid":{"rendered":"https:\/\/jntech.cl\/wp\/?page_id=304"},"modified":"2025-08-07T13:19:05","modified_gmt":"2025-08-07T17:19:05","slug":"soporte","status":"publish","type":"page","link":"https:\/\/jntech.cl\/wp\/?page_id=304","title":{"rendered":"\ud83c\udd98Soporte"},"content":{"rendered":"\n<h2><span style=\"color: #000080;\">Soporte Integral<\/span><\/h2>\n<p>Nuestros servicios de soporte consideran a particulares y empresas:<\/p>\n\n\n\n<h3 class=\"entry-title\"><img decoding=\"async\" class=\"emoji\" role=\"img\" draggable=\"false\" src=\"https:\/\/s.w.org\/images\/core\/emoji\/16.0.1\/svg\/1f198.svg\" alt=\"\ud83c\udd98\"><span style=\"color: #000080;\">Soporte de Servidores Linux\/Windows<\/span><\/h3>\n<p><img loading=\"lazy\" decoding=\"async\" class=\"size-medium wp-image-733\" src=\"https:\/\/jntech.cl\/wp\/wp-content\/uploads\/2025\/07\/datacenter-300x170.jpg\" alt=\"\" width=\"300\" height=\"170\" srcset=\"https:\/\/jntech.cl\/wp\/wp-content\/uploads\/2025\/07\/datacenter-300x170.jpg 300w, https:\/\/jntech.cl\/wp\/wp-content\/uploads\/2025\/07\/datacenter.jpg 634w\" sizes=\"auto, (max-width: 300px) 100vw, 300px\" \/><\/p>\n<p style=\"text-align: justify;\">Brindamos soporte especializado para servidores con sistemas operativos&nbsp;<strong data-start=\"247\" data-end=\"266\">Linux y Windows<\/strong>, asegurando su estabilidad, rendimiento y seguridad. Ya sea para administrar servicios web, bases de datos, telefon\u00eda IP, servidores de archivos&nbsp; o aplicaciones empresariales, nuestro equipo cuenta con m\u00e1s de 15 a\u00f1os de experiencia en entornos de misi\u00f3n cr\u00edtica.<\/p>\n\n\n\n<div class=\"wp-block-buttons is-layout-flex wp-block-buttons-is-layout-flex\">\n<div class=\"wp-block-button\"><a class=\"wp-block-button__link wp-element-button\" href=\"https:\/\/jntech.cl\/wp\/?p=708\">M\u00e1s informaci\u00f3n<\/a><\/div>\n<\/div>\n\n\n\n<h3 class=\"entry-title\"><img decoding=\"async\" class=\"emoji\" role=\"img\" draggable=\"false\" src=\"https:\/\/s.w.org\/images\/core\/emoji\/16.0.1\/svg\/1f9f0.svg\" alt=\"\ud83e\uddf0\"><span style=\"color: #000080;\">Soporte Computacional Para Usuarios<\/span><\/h3>\n<p><img loading=\"lazy\" decoding=\"async\" class=\"alignnone size-medium wp-image-307\" src=\"https:\/\/jntech.cl\/wp\/wp-content\/uploads\/2024\/07\/soporteremotox-300x200.jpg\" alt=\"\" width=\"300\" height=\"200\" srcset=\"https:\/\/jntech.cl\/wp\/wp-content\/uploads\/2024\/07\/soporteremotox-300x200.jpg 300w, https:\/\/jntech.cl\/wp\/wp-content\/uploads\/2024\/07\/soporteremotox-1024x683.jpg 1024w, https:\/\/jntech.cl\/wp\/wp-content\/uploads\/2024\/07\/soporteremotox-768x512.jpg 768w, https:\/\/jntech.cl\/wp\/wp-content\/uploads\/2024\/07\/soporteremotox-1536x1024.jpg 1536w, https:\/\/jntech.cl\/wp\/wp-content\/uploads\/2024\/07\/soporteremotox-2048x1365.jpg 2048w\" sizes=\"auto, (max-width: 300px) 100vw, 300px\" \/><\/p>\n<p style=\"text-align: justify;\">Uno de nuestros servicios m\u00e1s valorados es el&nbsp;<strong data-start=\"222\" data-end=\"247\">soporte computacional<\/strong>, dise\u00f1ado para brindar soluciones r\u00e1pidas y eficientes a usuarios particulares y empresas, que necesitan asistencia tecnol\u00f3gica constante sin contar con un departamento interno de TI.<\/p>\n\n\n\n<div class=\"wp-block-buttons is-layout-flex wp-block-buttons-is-layout-flex\">\n<div class=\"wp-block-button\"><a class=\"wp-block-button__link wp-element-button\" href=\"https:\/\/jntech.cl\/wp\/?p=715\">M\u00e1s informaci\u00f3n<\/a><\/div>\n<\/div>\n\n\n\n<h3 class=\"entry-title\"><img decoding=\"async\" class=\"emoji\" role=\"img\" draggable=\"false\" src=\"https:\/\/s.w.org\/images\/core\/emoji\/16.0.1\/svg\/1f4e1.svg\" alt=\"\ud83d\udce1\" \/><span style=\"color: #000080;\">Soporte de Redes<\/span><\/h3>\n<p><img loading=\"lazy\" decoding=\"async\" class=\"alignnone size-medium wp-image-237\" src=\"https:\/\/jntech.cl\/wp\/wp-content\/uploads\/2024\/07\/dabase-300x214.png\" alt=\"\" width=\"300\" height=\"214\" srcset=\"https:\/\/jntech.cl\/wp\/wp-content\/uploads\/2024\/07\/dabase-300x214.png 300w, https:\/\/jntech.cl\/wp\/wp-content\/uploads\/2024\/07\/dabase.png 342w\" sizes=\"auto, (max-width: 300px) 100vw, 300px\" \/><\/p>\n<p style=\"text-align: justify;\">Nuestro servicio de\u00a0<strong data-start=\"194\" data-end=\"214\">Soporte de Redes<\/strong>\u00a0abarca la\u00a0<strong data-start=\"225\" data-end=\"299\">implementaci\u00f3n, administraci\u00f3n, mantenci\u00f3n y soluci\u00f3n de problem\u00e1ticas<\/strong>\u00a0en redes de \u00e1rea local (LAN), tanto para empresas como para usuarios particulares. Dise\u00f1ado para garantizar un entorno de conectividad estable, r\u00e1pido y seguro.<\/p>\n\n\n\n<div class=\"wp-block-buttons is-layout-flex wp-block-buttons-is-layout-flex\">\n<div class=\"wp-block-button\"><a class=\"wp-block-button__link wp-element-button\" href=\"https:\/\/jntech.cl\/wp\/?p=723\">M\u00e1s informaci\u00f3n<\/a><\/div>\n<\/div>\n\n\n<div class=\"wp-block-image\">\n<figure class=\"aligncenter size-medium is-resized\"><a href=\"https:\/\/jntech.cl\/wp\/?page_id=96\"><img loading=\"lazy\" decoding=\"async\" width=\"300\" height=\"86\" src=\"https:\/\/jntech.cl\/wp\/wp-content\/uploads\/2024\/07\/llamaya-300x86.png\" alt=\"\" class=\"wp-image-243\" style=\"width:297px;height:auto\" srcset=\"https:\/\/jntech.cl\/wp\/wp-content\/uploads\/2024\/07\/llamaya-300x86.png 300w, https:\/\/jntech.cl\/wp\/wp-content\/uploads\/2024\/07\/llamaya.png 614w\" sizes=\"auto, (max-width: 300px) 100vw, 300px\" \/><\/a><\/figure>\n<\/div>\n\n<div class=\"wp-block-image\">\n<figure class=\"aligncenter size-thumbnail\"><a href=\"https:\/\/jntech.cl\/wsp\"><img loading=\"lazy\" decoding=\"async\" width=\"150\" height=\"150\" src=\"https:\/\/jntech.cl\/wp\/wp-content\/uploads\/2025\/03\/wsp-150x150.png\" alt=\"\" class=\"wp-image-392\"\/><\/a><\/figure>\n<\/div>\n\n\n<p>Conozca nuestros planes y tarifas<\/p>\n\n\n\n<div class=\"wp-block-buttons is-layout-flex wp-block-buttons-is-layout-flex\">\n<div class=\"wp-block-button\"><a class=\"wp-block-button__link wp-element-button\" href=\"https:\/\/jntech.cl\/wp\/?p=786\">Planes y tarifas<\/a><\/div>\n<\/div>\n\n\n\n<figure class=\"wp-block-image size-thumbnail is-resized is-style-rounded\"><img loading=\"lazy\" decoding=\"async\" width=\"150\" height=\"150\" src=\"https:\/\/jntech.cl\/wp\/wp-content\/uploads\/2025\/08\/EDOp-150x150.png\" alt=\"\" class=\"wp-image-841\" style=\"width:58px;height:auto\" srcset=\"https:\/\/jntech.cl\/wp\/wp-content\/uploads\/2025\/08\/EDOp-150x150.png 150w, https:\/\/jntech.cl\/wp\/wp-content\/uploads\/2025\/08\/EDOp-300x300.png 300w, https:\/\/jntech.cl\/wp\/wp-content\/uploads\/2025\/08\/EDOp.png 500w\" sizes=\"auto, (max-width: 150px) 100vw, 150px\" \/><\/figure>\n","protected":false},"excerpt":{"rendered":"<p>Soporte Integral Nuestros servicios de soporte consideran a particulares y empresas: Soporte de Servidores Linux\/Windows&hellip;<\/p>\n","protected":false},"author":2,"featured_media":0,"parent":0,"menu_order":0,"comment_status":"closed","ping_status":"closed","template":"","meta":{"footnotes":""},"class_list":["post-304","page","type-page","status-publish","hentry"],"_links":{"self":[{"href":"https:\/\/jntech.cl\/wp\/index.php?rest_route=\/wp\/v2\/pages\/304","targetHints":{"allow":["GET"]}}],"collection":[{"href":"https:\/\/jntech.cl\/wp\/index.php?rest_route=\/wp\/v2\/pages"}],"about":[{"href":"https:\/\/jntech.cl\/wp\/index.php?rest_route=\/wp\/v2\/types\/page"}],"author":[{"embeddable":true,"href":"https:\/\/jntech.cl\/wp\/index.php?rest_route=\/wp\/v2\/users\/2"}],"replies":[{"embeddable":true,"href":"https:\/\/jntech.cl\/wp\/index.php?rest_route=%2Fwp%2Fv2%2Fcomments&post=304"}],"version-history":[{"count":22,"href":"https:\/\/jntech.cl\/wp\/index.php?rest_route=\/wp\/v2\/pages\/304\/revisions"}],"predecessor-version":[{"id":845,"href":"https:\/\/jntech.cl\/wp\/index.php?rest_route=\/wp\/v2\/pages\/304\/revisions\/845"}],"wp:attachment":[{"href":"https:\/\/jntech.cl\/wp\/index.php?rest_route=%2Fwp%2Fv2%2Fmedia&parent=304"}],"curies":[{"name":"wp","href":"https:\/\/api.w.org\/{rel}","templated":true}]}}